{"id":109,"date":"2019-07-10T08:21:35","date_gmt":"2019-07-10T07:21:35","guid":{"rendered":"http:\/\/begusta.de\/?page_id=109"},"modified":"2019-07-19T10:00:45","modified_gmt":"2019-07-19T09:00:45","slug":"beratung-und-betreuung","status":"publish","type":"page","link":"https:\/\/begusta.de\/?page_id=109","title":{"rendered":"Beratung und Betreuung"},"content":{"rendered":"<p><img loading=\"lazy\" class=\"alignnone size-medium wp-image-133\" src=\"https:\/\/begusta.de\/wp-content\/uploads\/2019\/07\/log115_firmenlogo_kunstguss-300x233.jpg\" alt=\"\" width=\"300\" height=\"233\" srcset=\"https:\/\/begusta.de\/wp-content\/uploads\/2019\/07\/log115_firmenlogo_kunstguss-300x233.jpg 300w, https:\/\/begusta.de\/wp-content\/uploads\/2019\/07\/log115_firmenlogo_kunstguss-768x597.jpg 768w, https:\/\/begusta.de\/wp-content\/uploads\/2019\/07\/log115_firmenlogo_kunstguss.jpg 901w\" sizes=\"(max-width: 300px) 100vw, 300px\" \/><\/p>\n<p>In der Planungsphase beraten wir Sie \u00fcber die Machbarkeit einer gussgerechten Konstruktion und deren <strong>optimaler Qualit\u00e4t<\/strong>, einschlie\u00dflich Werkstoffberatung.<\/p>\n","protected":false},"excerpt":{"rendered":"<p>In der Planungsphase beraten wir Sie \u00fcber die Machbarkeit einer gussgerechten Konstruktion und deren optimaler Qualit\u00e4t, einschlie\u00dflich Werkstoffberatung.<\/p>\n","protected":false},"author":1,"featured_media":0,"parent":0,"menu_order":0,"comment_status":"closed","ping_status":"closed","template":"","meta":[],"_links":{"self":[{"href":"https:\/\/begusta.de\/index.php?rest_route=\/wp\/v2\/pages\/109"}],"collection":[{"href":"https:\/\/begusta.de\/index.php?rest_route=\/wp\/v2\/pages"}],"about":[{"href":"https:\/\/begusta.de\/index.php?rest_route=\/wp\/v2\/types\/page"}],"author":[{"embeddable":true,"href":"https:\/\/begusta.de\/index.php?rest_route=\/wp\/v2\/users\/1"}],"replies":[{"embeddable":true,"href":"https:\/\/begusta.de\/index.php?rest_route=%2Fwp%2Fv2%2Fcomments&post=109"}],"version-history":[{"count":3,"href":"https:\/\/begusta.de\/index.php?rest_route=\/wp\/v2\/pages\/109\/revisions"}],"predecessor-version":[{"id":268,"href":"https:\/\/begusta.de\/index.php?rest_route=\/wp\/v2\/pages\/109\/revisions\/268"}],"wp:attachment":[{"href":"https:\/\/begusta.de\/index.php?rest_route=%2Fwp%2Fv2%2Fmedia&parent=109"}],"curies":[{"name":"wp","href":"https:\/\/api.w.org\/{rel}","templated":true}]}}