{"id":180,"date":"2019-07-10T16:22:55","date_gmt":"2019-07-10T15:22:55","guid":{"rendered":"http:\/\/begusta.de\/?page_id=180"},"modified":"2019-07-22T11:18:45","modified_gmt":"2019-07-22T10:18:45","slug":"giesserei","status":"publish","type":"page","link":"https:\/\/begusta.de\/?page_id=180","title":{"rendered":"Giesserei"},"content":{"rendered":"<p><img loading=\"lazy\" class=\"alignnone size-medium wp-image-236\" src=\"https:\/\/begusta.de\/wp-content\/uploads\/2019\/07\/DSC0095-300x199.jpg\" alt=\"\" width=\"300\" height=\"199\" srcset=\"https:\/\/begusta.de\/wp-content\/uploads\/2019\/07\/DSC0095-300x199.jpg 300w, https:\/\/begusta.de\/wp-content\/uploads\/2019\/07\/DSC0095-768x511.jpg 768w, https:\/\/begusta.de\/wp-content\/uploads\/2019\/07\/DSC0095-1024x681.jpg 1024w\" sizes=\"(max-width: 300px) 100vw, 300px\" \/><\/p>\n<p>In Zusammenarbeit mit leistungsstarken Gie\u00dfereien im In- und Ausland erf\u00fcllen wir Ihre Anforderungen f\u00fcr <strong>Grauguss, Kugelgraphitguss, Stahlguss und Aluguss<\/strong>.<\/p>\n","protected":false},"excerpt":{"rendered":"<p>In Zusammenarbeit mit leistungsstarken Gie\u00dfereien im In- und Ausland erf\u00fcllen wir Ihre Anforderungen f\u00fcr Grauguss, Kugelgraphitguss, Stahlguss und Aluguss.<\/p>\n","protected":false},"author":1,"featured_media":0,"parent":0,"menu_order":0,"comment_status":"closed","ping_status":"closed","template":"","meta":[],"_links":{"self":[{"href":"https:\/\/begusta.de\/index.php?rest_route=\/wp\/v2\/pages\/180"}],"collection":[{"href":"https:\/\/begusta.de\/index.php?rest_route=\/wp\/v2\/pages"}],"about":[{"href":"https:\/\/begusta.de\/index.php?rest_route=\/wp\/v2\/types\/page"}],"author":[{"embeddable":true,"href":"https:\/\/begusta.de\/index.php?rest_route=\/wp\/v2\/users\/1"}],"replies":[{"embeddable":true,"href":"https:\/\/begusta.de\/index.php?rest_route=%2Fwp%2Fv2%2Fcomments&post=180"}],"version-history":[{"count":11,"href":"https:\/\/begusta.de\/index.php?rest_route=\/wp\/v2\/pages\/180\/revisions"}],"predecessor-version":[{"id":284,"href":"https:\/\/begusta.de\/index.php?rest_route=\/wp\/v2\/pages\/180\/revisions\/284"}],"wp:attachment":[{"href":"https:\/\/begusta.de\/index.php?rest_route=%2Fwp%2Fv2%2Fmedia&parent=180"}],"curies":[{"name":"wp","href":"https:\/\/api.w.org\/{rel}","templated":true}]}}